{"id":2102,"date":"2017-04-13T15:47:25","date_gmt":"2017-04-13T15:47:25","guid":{"rendered":"http:\/\/hospitalgranada.gov.co\/portal\/?page_id=2102"},"modified":"2019-02-09T21:06:26","modified_gmt":"2019-02-10T02:06:26","slug":"brigadas-extramurales","status":"publish","type":"page","link":"https:\/\/hospitalgranada.gov.co\/portal\/brigadas-extramurales\/","title":{"rendered":"Brigadas Extramurales"},"content":{"rendered":"[vc_row align=\u00bbtext-justify\u00bb full_width=\u00bb0&#8243; full_height=\u00bb0&#8243; particles=\u00bb0&#8243;][vc_column][vc_text_separator title=\u00bbBrigada de salud ni\u00f1os y ni\u00f1as del Centro de Desarrollo Integral \u201cC.D.I\u201d del municipio de San Juan de Arama\u00bb i_icon_fontawesome=\u00bbfa fa-medkit\u00bb i_color=\u00bbcustom\u00bb title_align=\u00bbseparator_align_left\u00bb add_icon=\u00bbtrue\u00bb i_custom_color=\u00bb#5cc6d0&#8243;][vc_column_text]\n<div id=\"js_169\" class=\"_5pbx userContent\" data-ft=\"{&quot;tn&quot;:&quot;K&quot;}\">\n<p style=\"text-align: justify;\">Gracias a la gesti\u00f3n de la Gerente de nuestra instituci\u00f3n, el 29 de marzo de 2017 se realiz\u00f3 una brigada de salud dirigida a los ni\u00f1os y ni\u00f1as del Centro de Desarrollo Integral \u201cC.D.I\u201d del municipio de San Juan de Arama Meta, en donde fueron beneficiados de manera gratuita 140 ni\u00f1os con su certificado m\u00e9dico.<\/p>\n<\/div>\n[\/vc_column_text][vc_video link=\u00bbhttps:\/\/www.youtube.com\/watch?v=Oq0IT_vWBXM\u00bb align=\u00bbright\u00bb][vc_text_separator title=\u00bbBrigada con madres comunitarias del I.C.B.F. en el municipio de San Juan de Arama\u00bb i_icon_fontawesome=\u00bbfa fa-medkit\u00bb i_color=\u00bbcustom\u00bb title_align=\u00bbseparator_align_left\u00bb add_icon=\u00bbtrue\u00bb i_custom_color=\u00bb#5cc6d0&#8243;][vc_column_text]\n<div id=\"js_169\" class=\"_5pbx userContent\" data-ft=\"{&quot;tn&quot;:&quot;K&quot;}\">\n<p style=\"text-align: justify;\">El 24 de Febrero de 2017 en el municipio de San Juan de Arama, el Hospital Dtal de Granada acompa\u00f1o a las madres comunitarias del I.C.B.F. con un grupo de profesionales de la salud, cumpliendo con ese gran compromiso social que tiene para con la regi\u00f3n del ARIARI.<\/p>\n<p style=\"text-align: justify;\">Agradecimientos a la Gerente por atender el llamado de la comunidad y a la presidente del concejo la concejal Andrea Rubio por propiciar este espacio.<\/p>\n<\/div>\n[\/vc_column_text][\/vc_column][\/vc_row][vc_row][vc_column]<div id=\"69ed7ae8f08b3\" class=\"gg_gallery_wrap gg_standard_gallery gid_2122 gg_hidden_ol gg_ol_bottom_mode gg_main_ol_show_on_h \" gg_ol=\"default\"  ggom_fx=\"\" ggom_timing=\"300\" rel=\"2122\">      <div class=\"gg_loader\">  <div class=\"ggl_1\"><\/div>  <div class=\"ggl_2\"><\/div>  <div class=\"ggl_3\"><\/div>  <div class=\"ggl_4\"><\/div><\/div>  <div class=\"gg_container\"><div gg-url=\"\" gg-title=\"Brigada con madres comunitarias del I.C.B.F.\" class=\"gg_img \" gg-author=\"\" gg-descr=\"\" rel=\"2122\">  <div class=\"gg_img_inner\"><div class=\"gg_main_img_wrap\"><img decoding=\"async\" src=\"\" gg-lazy-src=\"thumb creation failed\" alt=\"Brigada con madres comunitarias del I.C.B.F.\" class=\"gg_photo gg_main_thumb\" \/><noscript><img decoding=\"async\" src=\"\" alt=\"Brigada con madres comunitarias del I.C.B.F.\" \/><\/noscript><\/div><div class=\"gg_overlays\"><\/div><\/div><\/div><div gg-url=\"\" gg-title=\"Brigada con madres comunitarias del I.C.B.F.\" class=\"gg_img \" gg-author=\"\" gg-descr=\"\" rel=\"2122\">  <div class=\"gg_img_inner\"><div class=\"gg_main_img_wrap\"><img decoding=\"async\" src=\"\" gg-lazy-src=\"thumb creation failed\" alt=\"Brigada con madres comunitarias del I.C.B.F.\" class=\"gg_photo gg_main_thumb\" \/><noscript><img decoding=\"async\" src=\"\" alt=\"Brigada con madres comunitarias del I.C.B.F.\" \/><\/noscript><\/div><div class=\"gg_overlays\"><\/div><\/div><\/div><div gg-url=\"\" gg-title=\"Brigada con madres comunitarias del I.C.B.F.\" class=\"gg_img \" gg-author=\"\" gg-descr=\"\" rel=\"2122\">  <div class=\"gg_img_inner\"><div class=\"gg_main_img_wrap\"><img decoding=\"async\" src=\"\" gg-lazy-src=\"thumb creation failed\" alt=\"Brigada con madres comunitarias del I.C.B.F.\" class=\"gg_photo gg_main_thumb\" \/><noscript><img decoding=\"async\" src=\"\" alt=\"Brigada con madres comunitarias del I.C.B.F.\" \/><\/noscript><\/div><div class=\"gg_overlays\"><\/div><\/div><\/div><div gg-url=\"\" gg-title=\"Brigada con madres comunitarias del I.C.B.F.\" class=\"gg_img \" gg-author=\"\" gg-descr=\"\" rel=\"2122\">  <div class=\"gg_img_inner\"><div class=\"gg_main_img_wrap\"><img decoding=\"async\" src=\"\" gg-lazy-src=\"thumb creation failed\" alt=\"Brigada con madres comunitarias del I.C.B.F.\" class=\"gg_photo gg_main_thumb\" \/><noscript><img decoding=\"async\" src=\"\" alt=\"Brigada con madres comunitarias del I.C.B.F.\" \/><\/noscript><\/div><div class=\"gg_overlays\"><\/div><\/div><\/div><div gg-url=\"\" gg-title=\"Brigada con madres comunitarias del I.C.B.F.\" class=\"gg_img \" gg-author=\"\" gg-descr=\"\" rel=\"2122\">  <div class=\"gg_img_inner\"><div class=\"gg_main_img_wrap\"><img decoding=\"async\" src=\"\" gg-lazy-src=\"thumb creation failed\" alt=\"Brigada con madres comunitarias del I.C.B.F.\" class=\"gg_photo gg_main_thumb\" \/><noscript><img decoding=\"async\" src=\"\" alt=\"Brigada con madres comunitarias del I.C.B.F.\" \/><\/noscript><\/div><div class=\"gg_overlays\"><\/div><\/div><\/div><\/div><div style=\"clear: both;\"><\/div><\/div><script type=\"text\/javascript\"> jQuery(document).ready(function($) { if(typeof(gg_galleries_init) == \"function\") {gg_galleries_init(\"69ed7ae8f08b3\"); }});<\/script>[\/vc_column][\/vc_row]\n","protected":false},"excerpt":{"rendered":"<p>[vc_row align=\u00bbtext-justify\u00bb full_width=\u00bb0&#8243; full_height=\u00bb0&#8243; particles=\u00bb0&#8243;][vc_column][vc_text_separator title=\u00bbBrigada de salud ni\u00f1os y ni\u00f1as del Centro de Desarrollo Integral \u201cC.D.I\u201d del municipio de San Juan de Arama\u00bb i_icon_fontawesome=\u00bbfa fa-medkit\u00bb i_color=\u00bbcustom\u00bb title_align=\u00bbseparator_align_left\u00bb add_icon=\u00bbtrue\u00bb i_custom_color=\u00bb#5cc6d0&#8243;][vc_column_text] Gracias a la gesti\u00f3n de la Gerente de nuestra instituci\u00f3n, el 29 de marzo de 2017 se realiz\u00f3 una brigada de salud dirigida a los [&hellip;]<\/p>\n","protected":false},"author":7,"featured_media":0,"parent":0,"menu_order":0,"comment_status":"closed","ping_status":"closed","template":"","meta":{"_monsterinsights_skip_tracking":false,"_monsterinsights_sitenote_active":false,"_monsterinsights_sitenote_note":"","_monsterinsights_sitenote_category":0,"_mc_calendar":[],"footnotes":""},"class_list":["post-2102","page","type-page","status-publish","hentry"],"yoast_head":"<!-- This site is optimized with the Yoast SEO plugin v26.4 - https:\/\/yoast.com\/wordpress\/plugins\/seo\/ -->\n<title>Brigadas Extramurales - Hospital Departamental de Granada E.S.E.<\/title>\n<meta name=\"robots\" content=\"index, follow, max-snippet:-1, max-image-preview:large, max-video-preview:-1\" \/>\n<link rel=\"canonical\" href=\"https:\/\/hospitalgranada.gov.co\/portal\/brigadas-extramurales\/\" \/>\n<meta property=\"og:locale\" content=\"es_ES\" \/>\n<meta property=\"og:type\" content=\"article\" \/>\n<meta property=\"og:title\" content=\"Brigadas Extramurales - Hospital Departamental de Granada E.S.E.\" \/>\n<meta property=\"og:description\" content=\"[vc_row align=\u00bbtext-justify\u00bb full_width=\u00bb0&#8243; full_height=\u00bb0&#8243; particles=\u00bb0&#8243;][vc_column][vc_text_separator title=\u00bbBrigada de salud ni\u00f1os y ni\u00f1as del Centro de Desarrollo Integral \u201cC.D.I\u201d del municipio de San Juan de Arama\u00bb i_icon_fontawesome=\u00bbfa fa-medkit\u00bb i_color=\u00bbcustom\u00bb title_align=\u00bbseparator_align_left\u00bb add_icon=\u00bbtrue\u00bb i_custom_color=\u00bb#5cc6d0&#8243;][vc_column_text] Gracias a la gesti\u00f3n de la Gerente de nuestra instituci\u00f3n, el 29 de marzo de 2017 se realiz\u00f3 una brigada de salud dirigida a los [&hellip;]\" \/>\n<meta property=\"og:url\" content=\"https:\/\/hospitalgranada.gov.co\/portal\/brigadas-extramurales\/\" \/>\n<meta property=\"og:site_name\" content=\"Hospital Departamental de Granada E.S.E.\" \/>\n<meta property=\"article:modified_time\" content=\"2019-02-10T02:06:26+00:00\" \/>\n<meta name=\"twitter:card\" content=\"summary_large_image\" \/>\n<meta name=\"twitter:label1\" content=\"Tiempo de lectura\" \/>\n\t<meta name=\"twitter:data1\" content=\"1 minuto\" \/>\n<script type=\"application\/ld+json\" class=\"yoast-schema-graph\">{\"@context\":\"https:\/\/schema.org\",\"@graph\":[{\"@type\":\"WebPage\",\"@id\":\"https:\/\/hospitalgranada.gov.co\/portal\/brigadas-extramurales\/\",\"url\":\"https:\/\/hospitalgranada.gov.co\/portal\/brigadas-extramurales\/\",\"name\":\"Brigadas Extramurales - Hospital Departamental de Granada E.S.E.\",\"isPartOf\":{\"@id\":\"https:\/\/hospitalgranada.gov.co\/portal\/#website\"},\"datePublished\":\"2017-04-13T15:47:25+00:00\",\"dateModified\":\"2019-02-10T02:06:26+00:00\",\"breadcrumb\":{\"@id\":\"https:\/\/hospitalgranada.gov.co\/portal\/brigadas-extramurales\/#breadcrumb\"},\"inLanguage\":\"es\",\"potentialAction\":[{\"@type\":\"ReadAction\",\"target\":[\"https:\/\/hospitalgranada.gov.co\/portal\/brigadas-extramurales\/\"]}]},{\"@type\":\"BreadcrumbList\",\"@id\":\"https:\/\/hospitalgranada.gov.co\/portal\/brigadas-extramurales\/#breadcrumb\",\"itemListElement\":[{\"@type\":\"ListItem\",\"position\":1,\"name\":\"Inicio\",\"item\":\"https:\/\/hospitalgranada.gov.co\/portal\/\"},{\"@type\":\"ListItem\",\"position\":2,\"name\":\"Brigadas Extramurales\"}]},{\"@type\":\"WebSite\",\"@id\":\"https:\/\/hospitalgranada.gov.co\/portal\/#website\",\"url\":\"https:\/\/hospitalgranada.gov.co\/portal\/\",\"name\":\"Hospital Departamental de Granada E.S.E.\",\"description\":\"&quot;Un Hospital Seguro y Humano Para Todos&quot;\",\"potentialAction\":[{\"@type\":\"SearchAction\",\"target\":{\"@type\":\"EntryPoint\",\"urlTemplate\":\"https:\/\/hospitalgranada.gov.co\/portal\/?s={search_term_string}\"},\"query-input\":{\"@type\":\"PropertyValueSpecification\",\"valueRequired\":true,\"valueName\":\"search_term_string\"}}],\"inLanguage\":\"es\"}]}<\/script>\n<!-- \/ Yoast SEO plugin. -->","yoast_head_json":{"title":"Brigadas Extramurales - Hospital Departamental de Granada E.S.E.","robots":{"index":"index","follow":"follow","max-snippet":"max-snippet:-1","max-image-preview":"max-image-preview:large","max-video-preview":"max-video-preview:-1"},"canonical":"https:\/\/hospitalgranada.gov.co\/portal\/brigadas-extramurales\/","og_locale":"es_ES","og_type":"article","og_title":"Brigadas Extramurales - Hospital Departamental de Granada E.S.E.","og_description":"[vc_row align=\u00bbtext-justify\u00bb full_width=\u00bb0&#8243; full_height=\u00bb0&#8243; particles=\u00bb0&#8243;][vc_column][vc_text_separator title=\u00bbBrigada de salud ni\u00f1os y ni\u00f1as del Centro de Desarrollo Integral \u201cC.D.I\u201d del municipio de San Juan de Arama\u00bb i_icon_fontawesome=\u00bbfa fa-medkit\u00bb i_color=\u00bbcustom\u00bb title_align=\u00bbseparator_align_left\u00bb add_icon=\u00bbtrue\u00bb i_custom_color=\u00bb#5cc6d0&#8243;][vc_column_text] Gracias a la gesti\u00f3n de la Gerente de nuestra instituci\u00f3n, el 29 de marzo de 2017 se realiz\u00f3 una brigada de salud dirigida a los [&hellip;]","og_url":"https:\/\/hospitalgranada.gov.co\/portal\/brigadas-extramurales\/","og_site_name":"Hospital Departamental de Granada E.S.E.","article_modified_time":"2019-02-10T02:06:26+00:00","twitter_card":"summary_large_image","twitter_misc":{"Tiempo de lectura":"1 minuto"},"schema":{"@context":"https:\/\/schema.org","@graph":[{"@type":"WebPage","@id":"https:\/\/hospitalgranada.gov.co\/portal\/brigadas-extramurales\/","url":"https:\/\/hospitalgranada.gov.co\/portal\/brigadas-extramurales\/","name":"Brigadas Extramurales - Hospital Departamental de Granada E.S.E.","isPartOf":{"@id":"https:\/\/hospitalgranada.gov.co\/portal\/#website"},"datePublished":"2017-04-13T15:47:25+00:00","dateModified":"2019-02-10T02:06:26+00:00","breadcrumb":{"@id":"https:\/\/hospitalgranada.gov.co\/portal\/brigadas-extramurales\/#breadcrumb"},"inLanguage":"es","potentialAction":[{"@type":"ReadAction","target":["https:\/\/hospitalgranada.gov.co\/portal\/brigadas-extramurales\/"]}]},{"@type":"BreadcrumbList","@id":"https:\/\/hospitalgranada.gov.co\/portal\/brigadas-extramurales\/#breadcrumb","itemListElement":[{"@type":"ListItem","position":1,"name":"Inicio","item":"https:\/\/hospitalgranada.gov.co\/portal\/"},{"@type":"ListItem","position":2,"name":"Brigadas Extramurales"}]},{"@type":"WebSite","@id":"https:\/\/hospitalgranada.gov.co\/portal\/#website","url":"https:\/\/hospitalgranada.gov.co\/portal\/","name":"Hospital Departamental de Granada E.S.E.","description":"&quot;Un Hospital Seguro y Humano Para Todos&quot;","potentialAction":[{"@type":"SearchAction","target":{"@type":"EntryPoint","urlTemplate":"https:\/\/hospitalgranada.gov.co\/portal\/?s={search_term_string}"},"query-input":{"@type":"PropertyValueSpecification","valueRequired":true,"valueName":"search_term_string"}}],"inLanguage":"es"}]}},"_links":{"self":[{"href":"https:\/\/hospitalgranada.gov.co\/portal\/wp-json\/wp\/v2\/pages\/2102","targetHints":{"allow":["GET"]}}],"collection":[{"href":"https:\/\/hospitalgranada.gov.co\/portal\/wp-json\/wp\/v2\/pages"}],"about":[{"href":"https:\/\/hospitalgranada.gov.co\/portal\/wp-json\/wp\/v2\/types\/page"}],"author":[{"embeddable":true,"href":"https:\/\/hospitalgranada.gov.co\/portal\/wp-json\/wp\/v2\/users\/7"}],"replies":[{"embeddable":true,"href":"https:\/\/hospitalgranada.gov.co\/portal\/wp-json\/wp\/v2\/comments?post=2102"}],"version-history":[{"count":2,"href":"https:\/\/hospitalgranada.gov.co\/portal\/wp-json\/wp\/v2\/pages\/2102\/revisions"}],"predecessor-version":[{"id":4337,"href":"https:\/\/hospitalgranada.gov.co\/portal\/wp-json\/wp\/v2\/pages\/2102\/revisions\/4337"}],"wp:attachment":[{"href":"https:\/\/hospitalgranada.gov.co\/portal\/wp-json\/wp\/v2\/media?parent=2102"}],"curies":[{"name":"wp","href":"https:\/\/api.w.org\/{rel}","templated":true}]}}