{"id":14543,"date":"2025-11-24T22:37:29","date_gmt":"2025-11-25T03:37:29","guid":{"rendered":"https:\/\/hospitalgranada.gov.co\/portal\/?page_id=14543"},"modified":"2025-11-24T22:37:29","modified_gmt":"2025-11-25T03:37:29","slug":"planeacion-y-presupuesto-participativo","status":"publish","type":"page","link":"https:\/\/hospitalgranada.gov.co\/portal\/planeacion-y-presupuesto-participativo\/","title":{"rendered":"Planeaci\u00f3n y presupuesto participativo"},"content":{"rendered":"<p><span style=\"font-size: 14pt;\">Proceso mediante el cual la comunidad participa en la definici\u00f3n de prioridades, asignaci\u00f3n de recursos y formulaci\u00f3n de planes y proyectos institucionales.<\/span><\/p>\n","protected":false},"excerpt":{"rendered":"<p>Proceso mediante el cual la comunidad participa en la definici\u00f3n de prioridades, asignaci\u00f3n de recursos y formulaci\u00f3n de planes y proyectos institucionales.<\/p>\n","protected":false},"author":9,"featured_media":0,"parent":0,"menu_order":0,"comment_status":"closed","ping_status":"closed","template":"","meta":{"_monsterinsights_skip_tracking":false,"_monsterinsights_sitenote_active":false,"_monsterinsights_sitenote_note":"","_monsterinsights_sitenote_category":0,"_mc_calendar":[],"footnotes":""},"class_list":["post-14543","page","type-page","status-publish","hentry"],"yoast_head":"<!-- This site is optimized with the Yoast SEO plugin v26.4 - https:\/\/yoast.com\/wordpress\/plugins\/seo\/ -->\n<title>Planeaci\u00f3n y presupuesto participativo - Hospital Departamental de Granada E.S.E.<\/title>\n<meta name=\"robots\" content=\"index, follow, max-snippet:-1, max-image-preview:large, max-video-preview:-1\" \/>\n<link rel=\"canonical\" href=\"https:\/\/hospitalgranada.gov.co\/portal\/planeacion-y-presupuesto-participativo\/\" \/>\n<meta property=\"og:locale\" content=\"es_ES\" \/>\n<meta property=\"og:type\" content=\"article\" \/>\n<meta property=\"og:title\" content=\"Planeaci\u00f3n y presupuesto participativo - Hospital Departamental de Granada E.S.E.\" \/>\n<meta property=\"og:description\" content=\"Proceso mediante el cual la comunidad participa en la definici\u00f3n de prioridades, asignaci\u00f3n de recursos y formulaci\u00f3n de planes y proyectos institucionales.\" \/>\n<meta property=\"og:url\" content=\"https:\/\/hospitalgranada.gov.co\/portal\/planeacion-y-presupuesto-participativo\/\" \/>\n<meta property=\"og:site_name\" content=\"Hospital Departamental de Granada E.S.E.\" \/>\n<meta name=\"twitter:card\" content=\"summary_large_image\" \/>\n<meta name=\"twitter:label1\" content=\"Tiempo de lectura\" \/>\n\t<meta name=\"twitter:data1\" content=\"1 minuto\" \/>\n<script type=\"application\/ld+json\" class=\"yoast-schema-graph\">{\"@context\":\"https:\/\/schema.org\",\"@graph\":[{\"@type\":\"WebPage\",\"@id\":\"https:\/\/hospitalgranada.gov.co\/portal\/planeacion-y-presupuesto-participativo\/\",\"url\":\"https:\/\/hospitalgranada.gov.co\/portal\/planeacion-y-presupuesto-participativo\/\",\"name\":\"Planeaci\u00f3n y presupuesto participativo - Hospital Departamental de Granada E.S.E.\",\"isPartOf\":{\"@id\":\"https:\/\/hospitalgranada.gov.co\/portal\/#website\"},\"datePublished\":\"2025-11-25T03:37:29+00:00\",\"breadcrumb\":{\"@id\":\"https:\/\/hospitalgranada.gov.co\/portal\/planeacion-y-presupuesto-participativo\/#breadcrumb\"},\"inLanguage\":\"es\",\"potentialAction\":[{\"@type\":\"ReadAction\",\"target\":[\"https:\/\/hospitalgranada.gov.co\/portal\/planeacion-y-presupuesto-participativo\/\"]}]},{\"@type\":\"BreadcrumbList\",\"@id\":\"https:\/\/hospitalgranada.gov.co\/portal\/planeacion-y-presupuesto-participativo\/#breadcrumb\",\"itemListElement\":[{\"@type\":\"ListItem\",\"position\":1,\"name\":\"Inicio\",\"item\":\"https:\/\/hospitalgranada.gov.co\/portal\/\"},{\"@type\":\"ListItem\",\"position\":2,\"name\":\"Planeaci\u00f3n y presupuesto participativo\"}]},{\"@type\":\"WebSite\",\"@id\":\"https:\/\/hospitalgranada.gov.co\/portal\/#website\",\"url\":\"https:\/\/hospitalgranada.gov.co\/portal\/\",\"name\":\"Hospital Departamental de Granada E.S.E.\",\"description\":\"&quot;Un Hospital Seguro y Humano Para Todos&quot;\",\"potentialAction\":[{\"@type\":\"SearchAction\",\"target\":{\"@type\":\"EntryPoint\",\"urlTemplate\":\"https:\/\/hospitalgranada.gov.co\/portal\/?s={search_term_string}\"},\"query-input\":{\"@type\":\"PropertyValueSpecification\",\"valueRequired\":true,\"valueName\":\"search_term_string\"}}],\"inLanguage\":\"es\"}]}<\/script>\n<!-- \/ Yoast SEO plugin. -->","yoast_head_json":{"title":"Planeaci\u00f3n y presupuesto participativo - Hospital Departamental de Granada E.S.E.","robots":{"index":"index","follow":"follow","max-snippet":"max-snippet:-1","max-image-preview":"max-image-preview:large","max-video-preview":"max-video-preview:-1"},"canonical":"https:\/\/hospitalgranada.gov.co\/portal\/planeacion-y-presupuesto-participativo\/","og_locale":"es_ES","og_type":"article","og_title":"Planeaci\u00f3n y presupuesto participativo - Hospital Departamental de Granada E.S.E.","og_description":"Proceso mediante el cual la comunidad participa en la definici\u00f3n de prioridades, asignaci\u00f3n de recursos y formulaci\u00f3n de planes y proyectos institucionales.","og_url":"https:\/\/hospitalgranada.gov.co\/portal\/planeacion-y-presupuesto-participativo\/","og_site_name":"Hospital Departamental de Granada E.S.E.","twitter_card":"summary_large_image","twitter_misc":{"Tiempo de lectura":"1 minuto"},"schema":{"@context":"https:\/\/schema.org","@graph":[{"@type":"WebPage","@id":"https:\/\/hospitalgranada.gov.co\/portal\/planeacion-y-presupuesto-participativo\/","url":"https:\/\/hospitalgranada.gov.co\/portal\/planeacion-y-presupuesto-participativo\/","name":"Planeaci\u00f3n y presupuesto participativo - Hospital Departamental de Granada E.S.E.","isPartOf":{"@id":"https:\/\/hospitalgranada.gov.co\/portal\/#website"},"datePublished":"2025-11-25T03:37:29+00:00","breadcrumb":{"@id":"https:\/\/hospitalgranada.gov.co\/portal\/planeacion-y-presupuesto-participativo\/#breadcrumb"},"inLanguage":"es","potentialAction":[{"@type":"ReadAction","target":["https:\/\/hospitalgranada.gov.co\/portal\/planeacion-y-presupuesto-participativo\/"]}]},{"@type":"BreadcrumbList","@id":"https:\/\/hospitalgranada.gov.co\/portal\/planeacion-y-presupuesto-participativo\/#breadcrumb","itemListElement":[{"@type":"ListItem","position":1,"name":"Inicio","item":"https:\/\/hospitalgranada.gov.co\/portal\/"},{"@type":"ListItem","position":2,"name":"Planeaci\u00f3n y presupuesto participativo"}]},{"@type":"WebSite","@id":"https:\/\/hospitalgranada.gov.co\/portal\/#website","url":"https:\/\/hospitalgranada.gov.co\/portal\/","name":"Hospital Departamental de Granada E.S.E.","description":"&quot;Un Hospital Seguro y Humano Para Todos&quot;","potentialAction":[{"@type":"SearchAction","target":{"@type":"EntryPoint","urlTemplate":"https:\/\/hospitalgranada.gov.co\/portal\/?s={search_term_string}"},"query-input":{"@type":"PropertyValueSpecification","valueRequired":true,"valueName":"search_term_string"}}],"inLanguage":"es"}]}},"_links":{"self":[{"href":"https:\/\/hospitalgranada.gov.co\/portal\/wp-json\/wp\/v2\/pages\/14543","targetHints":{"allow":["GET"]}}],"collection":[{"href":"https:\/\/hospitalgranada.gov.co\/portal\/wp-json\/wp\/v2\/pages"}],"about":[{"href":"https:\/\/hospitalgranada.gov.co\/portal\/wp-json\/wp\/v2\/types\/page"}],"author":[{"embeddable":true,"href":"https:\/\/hospitalgranada.gov.co\/portal\/wp-json\/wp\/v2\/users\/9"}],"replies":[{"embeddable":true,"href":"https:\/\/hospitalgranada.gov.co\/portal\/wp-json\/wp\/v2\/comments?post=14543"}],"version-history":[{"count":1,"href":"https:\/\/hospitalgranada.gov.co\/portal\/wp-json\/wp\/v2\/pages\/14543\/revisions"}],"predecessor-version":[{"id":14544,"href":"https:\/\/hospitalgranada.gov.co\/portal\/wp-json\/wp\/v2\/pages\/14543\/revisions\/14544"}],"wp:attachment":[{"href":"https:\/\/hospitalgranada.gov.co\/portal\/wp-json\/wp\/v2\/media?parent=14543"}],"curies":[{"name":"wp","href":"https:\/\/api.w.org\/{rel}","templated":true}]}}